{"id":1604,"date":"2019-03-11T09:35:40","date_gmt":"2019-03-11T07:35:40","guid":{"rendered":"https:\/\/arvokasmieli.fi\/?page_id=1604"},"modified":"2019-03-11T10:27:23","modified_gmt":"2019-03-11T08:27:23","slug":"contact","status":"publish","type":"page","link":"https:\/\/arvokasmieli.fi\/en\/contact\/","title":{"rendered":"Contact"},"content":{"rendered":"\n<div class=\"wpcf7 no-js\" id=\"wpcf7-f1612-o1\" lang=\"fi\" dir=\"ltr\" data-wpcf7-id=\"1612\">\n<div class=\"screen-reader-response\"><p role=\"status\" aria-live=\"polite\" aria-atomic=\"true\"><\/p> <ul><\/ul><\/div>\n<form action=\"\/en\/wp-json\/wp\/v2\/pages\/1604#wpcf7-f1612-o1\" method=\"post\" class=\"wpcf7-form init\" aria-label=\"Yhteydenottolomake\" novalidate=\"novalidate\" data-status=\"init\">\n<fieldset class=\"hidden-fields-container\"><input type=\"hidden\" name=\"_wpcf7\" value=\"1612\" \/><input type=\"hidden\" name=\"_wpcf7_version\" value=\"6.1.6\" \/><input type=\"hidden\" name=\"_wpcf7_locale\" value=\"fi\" \/><input type=\"hidden\" name=\"_wpcf7_unit_tag\" value=\"wpcf7-f1612-o1\" \/><input type=\"hidden\" name=\"_wpcf7_container_post\" value=\"0\" \/><input type=\"hidden\" name=\"_wpcf7_posted_data_hash\" value=\"\" \/>\n<\/fieldset>\n<p>Please fill in all the fields.\n<\/p>\n<p><label>Your name<br \/>\n<span class=\"wpcf7-form-control-wrap\" data-name=\"your-name\"><input size=\"40\" maxlength=\"400\" class=\"wpcf7-form-control wpcf7-text wpcf7-validates-as-required\" aria-required=\"true\" aria-invalid=\"false\" value=\"\" type=\"text\" name=\"your-name\" \/><\/span> <\/label>\n<\/p>\n<p><label>Email<br \/>\n<span class=\"wpcf7-form-control-wrap\" data-name=\"your-email\"><input size=\"40\" maxlength=\"400\" class=\"wpcf7-form-control wpcf7-email wpcf7-validates-as-required wpcf7-text wpcf7-validates-as-email\" aria-required=\"true\" aria-invalid=\"false\" value=\"\" type=\"email\" name=\"your-email\" \/><\/span> <\/label>\n<\/p>\n<p><label>Message<br \/>\n<span class=\"wpcf7-form-control-wrap\" data-name=\"your-message\"><textarea cols=\"40\" rows=\"10\" maxlength=\"2000\" class=\"wpcf7-form-control wpcf7-textarea wpcf7-validates-as-required\" aria-required=\"true\" aria-invalid=\"false\" name=\"your-message\"><\/textarea><\/span> <\/label><span id=\"wpcf7-6a07b28f599aa-wrapper\" class=\"wpcf7-form-control-wrap am-website-wrap\" style=\"display: block;\n\t\t    width: 0px;\n\t\t    height: 0px;\n\t\t    padding: 0px;\n\t\t    border: 1px solid transparent;\n\t\t    display: block;\n\t\t    overflow: hidden;\n\t\t    \"><input type=\"hidden\" name=\"am-website-random-hash\" value=\"77198839\"><label\n\t\t    for=\"wpcf7-6a07b28f599aa-field\"\n\t\t    class=\"hp-message\"\n        >Please leave this field empty.<\/label><input\n\t    id=\"wpcf7-6a07b28f599aa-field\"\n\t    \n\t    class=\"wpcf7-form-control wpcf7-text\"\n\t    type=\"text\"\n\t    name=\"jl4brtppnvue\"\n\t    value=\"\"\n\t    size=\"40\"\n\t    autocomplete=\"new-password\"\n\t    tabindex=\"1000\"\n    \/><\/span><input class=\"wpcf7-form-control wpcf7-submit has-spinner button\" type=\"submit\" value=\"Send\" \/>\n<\/p><div class=\"wpcf7-response-output\" aria-hidden=\"true\"><\/div>\n<\/form>\n<\/div>\n\n","protected":false},"excerpt":{"rendered":"","protected":false},"author":6,"featured_media":0,"parent":0,"menu_order":100,"comment_status":"closed","ping_status":"closed","template":"page-yhteys.php","meta":{"_exactmetrics_skip_tracking":false,"_exactmetrics_sitenote_active":false,"_exactmetrics_sitenote_note":"","_exactmetrics_sitenote_category":0,"footnotes":""},"class_list":["post-1604","page","type-page","status-publish","hentry"],"yoast_head":"<!-- This site is optimized with the Yoast SEO plugin v27.6 - https:\/\/yoast.com\/product\/yoast-seo-wordpress\/ -->\n<title>Contact - Arvokas Mieli<\/title>\n<meta name=\"description\" content=\"Send us a message using the form on this page, or call +358 46 810 7474.\" \/>\n<meta name=\"robots\" content=\"index, follow, max-snippet:-1, max-image-preview:large, max-video-preview:-1\" \/>\n<link rel=\"canonical\" href=\"https:\/\/arvokasmieli.fi\/en\/contact\/\" \/>\n<meta property=\"og:locale\" content=\"en_US\" \/>\n<meta property=\"og:type\" content=\"article\" \/>\n<meta property=\"og:title\" content=\"Contact - Arvokas Mieli\" \/>\n<meta property=\"og:description\" content=\"Send us a message using the form on this page, or call +358 46 810 7474.\" \/>\n<meta property=\"og:url\" content=\"https:\/\/arvokasmieli.fi\/en\/contact\/\" \/>\n<meta property=\"og:site_name\" content=\"Arvokas Mieli\" \/>\n<meta property=\"article:publisher\" content=\"https:\/\/www.facebook.com\/Kalle-Partanen-Arvokas-Mieli-598613783883761\/\" \/>\n<meta property=\"article:modified_time\" content=\"2019-03-11T08:27:23+00:00\" \/>\n<meta property=\"og:image\" content=\"https:\/\/arvokasmieli.fi\/wp-content\/uploads\/kalle-partanen-fb-share.jpg\" \/>\n\t<meta property=\"og:image:width\" content=\"2400\" \/>\n\t<meta property=\"og:image:height\" content=\"1260\" \/>\n\t<meta property=\"og:image:type\" content=\"image\/jpeg\" \/>\n<meta name=\"twitter:card\" content=\"summary_large_image\" \/>\n<script type=\"application\/ld+json\" class=\"yoast-schema-graph\">{\"@context\":\"https:\\\/\\\/schema.org\",\"@graph\":[{\"@type\":\"WebPage\",\"@id\":\"https:\\\/\\\/arvokasmieli.fi\\\/en\\\/contact\\\/\",\"url\":\"https:\\\/\\\/arvokasmieli.fi\\\/en\\\/contact\\\/\",\"name\":\"Contact - Arvokas Mieli\",\"isPartOf\":{\"@id\":\"https:\\\/\\\/arvokasmieli.fi\\\/#website\"},\"datePublished\":\"2019-03-11T07:35:40+00:00\",\"dateModified\":\"2019-03-11T08:27:23+00:00\",\"description\":\"Send us a message using the form on this page, or call +358 46 810 7474.\",\"breadcrumb\":{\"@id\":\"https:\\\/\\\/arvokasmieli.fi\\\/en\\\/contact\\\/#breadcrumb\"},\"inLanguage\":\"en-US\",\"potentialAction\":[{\"@type\":\"ReadAction\",\"target\":[\"https:\\\/\\\/arvokasmieli.fi\\\/en\\\/contact\\\/\"]}]},{\"@type\":\"BreadcrumbList\",\"@id\":\"https:\\\/\\\/arvokasmieli.fi\\\/en\\\/contact\\\/#breadcrumb\",\"itemListElement\":[{\"@type\":\"ListItem\",\"position\":1,\"name\":\"Etusivu\",\"item\":\"https:\\\/\\\/arvokasmieli.fi\\\/en\\\/\"},{\"@type\":\"ListItem\",\"position\":2,\"name\":\"Contact\"}]},{\"@type\":\"WebSite\",\"@id\":\"https:\\\/\\\/arvokasmieli.fi\\\/#website\",\"url\":\"https:\\\/\\\/arvokasmieli.fi\\\/\",\"name\":\"Arvokas Mieli\",\"description\":\"Tavoitteenamme on olla hy\u00f6dyksi ihmiskunnalle. Haluamme lis\u00e4t\u00e4 hyvinvointia ja psyykkist\u00e4 kimmoisuutta, v\u00e4hent\u00e4\u00e4 turhaa k\u00e4rsimyst\u00e4 ja auttaa ihmisi\u00e4 el\u00e4m\u00e4\u00e4n mielek\u00e4st\u00e4 el\u00e4m\u00e4\u00e4 ja suoriutumaan itselle t\u00e4rkeiss\u00e4 asioissa niin hyvin kuin mahdollista.\",\"potentialAction\":[{\"@type\":\"SearchAction\",\"target\":{\"@type\":\"EntryPoint\",\"urlTemplate\":\"https:\\\/\\\/arvokasmieli.fi\\\/?s={search_term_string}\"},\"query-input\":{\"@type\":\"PropertyValueSpecification\",\"valueRequired\":true,\"valueName\":\"search_term_string\"}}],\"inLanguage\":\"en-US\"}]}<\/script>\n<!-- \/ Yoast SEO plugin. -->","yoast_head_json":{"title":"Contact - Arvokas Mieli","description":"Send us a message using the form on this page, or call +358 46 810 7474.","robots":{"index":"index","follow":"follow","max-snippet":"max-snippet:-1","max-image-preview":"max-image-preview:large","max-video-preview":"max-video-preview:-1"},"canonical":"https:\/\/arvokasmieli.fi\/en\/contact\/","og_locale":"en_US","og_type":"article","og_title":"Contact - Arvokas Mieli","og_description":"Send us a message using the form on this page, or call +358 46 810 7474.","og_url":"https:\/\/arvokasmieli.fi\/en\/contact\/","og_site_name":"Arvokas Mieli","article_publisher":"https:\/\/www.facebook.com\/Kalle-Partanen-Arvokas-Mieli-598613783883761\/","article_modified_time":"2019-03-11T08:27:23+00:00","og_image":[{"width":2400,"height":1260,"url":"https:\/\/arvokasmieli.fi\/wp-content\/uploads\/kalle-partanen-fb-share.jpg","type":"image\/jpeg"}],"twitter_card":"summary_large_image","schema":{"@context":"https:\/\/schema.org","@graph":[{"@type":"WebPage","@id":"https:\/\/arvokasmieli.fi\/en\/contact\/","url":"https:\/\/arvokasmieli.fi\/en\/contact\/","name":"Contact - Arvokas Mieli","isPartOf":{"@id":"https:\/\/arvokasmieli.fi\/#website"},"datePublished":"2019-03-11T07:35:40+00:00","dateModified":"2019-03-11T08:27:23+00:00","description":"Send us a message using the form on this page, or call +358 46 810 7474.","breadcrumb":{"@id":"https:\/\/arvokasmieli.fi\/en\/contact\/#breadcrumb"},"inLanguage":"en-US","potentialAction":[{"@type":"ReadAction","target":["https:\/\/arvokasmieli.fi\/en\/contact\/"]}]},{"@type":"BreadcrumbList","@id":"https:\/\/arvokasmieli.fi\/en\/contact\/#breadcrumb","itemListElement":[{"@type":"ListItem","position":1,"name":"Etusivu","item":"https:\/\/arvokasmieli.fi\/en\/"},{"@type":"ListItem","position":2,"name":"Contact"}]},{"@type":"WebSite","@id":"https:\/\/arvokasmieli.fi\/#website","url":"https:\/\/arvokasmieli.fi\/","name":"Arvokas Mieli","description":"Tavoitteenamme on olla hy\u00f6dyksi ihmiskunnalle. Haluamme lis\u00e4t\u00e4 hyvinvointia ja psyykkist\u00e4 kimmoisuutta, v\u00e4hent\u00e4\u00e4 turhaa k\u00e4rsimyst\u00e4 ja auttaa ihmisi\u00e4 el\u00e4m\u00e4\u00e4n mielek\u00e4st\u00e4 el\u00e4m\u00e4\u00e4 ja suoriutumaan itselle t\u00e4rkeiss\u00e4 asioissa niin hyvin kuin mahdollista.","potentialAction":[{"@type":"SearchAction","target":{"@type":"EntryPoint","urlTemplate":"https:\/\/arvokasmieli.fi\/?s={search_term_string}"},"query-input":{"@type":"PropertyValueSpecification","valueRequired":true,"valueName":"search_term_string"}}],"inLanguage":"en-US"}]}},"_links":{"self":[{"href":"https:\/\/arvokasmieli.fi\/en\/wp-json\/wp\/v2\/pages\/1604","targetHints":{"allow":["GET"]}}],"collection":[{"href":"https:\/\/arvokasmieli.fi\/en\/wp-json\/wp\/v2\/pages"}],"about":[{"href":"https:\/\/arvokasmieli.fi\/en\/wp-json\/wp\/v2\/types\/page"}],"author":[{"embeddable":true,"href":"https:\/\/arvokasmieli.fi\/en\/wp-json\/wp\/v2\/users\/6"}],"replies":[{"embeddable":true,"href":"https:\/\/arvokasmieli.fi\/en\/wp-json\/wp\/v2\/comments?post=1604"}],"version-history":[{"count":2,"href":"https:\/\/arvokasmieli.fi\/en\/wp-json\/wp\/v2\/pages\/1604\/revisions"}],"predecessor-version":[{"id":1613,"href":"https:\/\/arvokasmieli.fi\/en\/wp-json\/wp\/v2\/pages\/1604\/revisions\/1613"}],"wp:attachment":[{"href":"https:\/\/arvokasmieli.fi\/en\/wp-json\/wp\/v2\/media?parent=1604"}],"curies":[{"name":"wp","href":"https:\/\/api.w.org\/{rel}","templated":true}]}}