{"id":1541,"date":"2019-03-07T15:52:16","date_gmt":"2019-03-07T13:52:16","guid":{"rendered":"https:\/\/arvokasmieli.fi\/?page_id=1541"},"modified":"2019-03-08T18:37:11","modified_gmt":"2019-03-08T16:37:11","slug":"1541-2","status":"publish","type":"page","link":"https:\/\/arvokasmieli.fi\/en\/","title":{"rendered":"Front page"},"content":{"rendered":"<p class=\"lead\">Our\u00a0professional and personal mission is to be of service to humankind, to promote well-being and\u00a0psychological resilience, to minimise unnecessary suffering and to facilitate better performance in\u00a0valued areas of one&#8217;s life.<br \/>\n\u2013 Kalle Partanen, Psychologist, Psychotherapist, CEO<\/p>\n","protected":false},"excerpt":{"rendered":"<p>Our\u00a0professional and personal mission is to be of service to humankind, to promote well-being and\u00a0psychological resilience, to minimise unnecessary suffering and to facilitate better performance in\u00a0valued areas of one&#8217;s life. \u2013 Kalle Partanen, Psychologist, Psychotherapist, CEO<\/p>\n","protected":false},"author":6,"featured_media":1597,"parent":0,"menu_order":0,"comment_status":"closed","ping_status":"closed","template":"","meta":{"_exactmetrics_skip_tracking":false,"_exactmetrics_sitenote_active":false,"_exactmetrics_sitenote_note":"","_exactmetrics_sitenote_category":0,"footnotes":""},"class_list":["post-1541","page","type-page","status-publish","has-post-thumbnail","hentry"],"yoast_head":"<!-- This site is optimized with the Yoast SEO plugin v27.6 - https:\/\/yoast.com\/product\/yoast-seo-wordpress\/ -->\n<title>Front page - Arvokas Mieli<\/title>\n<meta name=\"robots\" content=\"index, follow, max-snippet:-1, max-image-preview:large, max-video-preview:-1\" \/>\n<link rel=\"canonical\" href=\"https:\/\/arvokasmieli.fi\/en\/\" \/>\n<meta property=\"og:locale\" content=\"en_US\" \/>\n<meta property=\"og:type\" content=\"article\" \/>\n<meta property=\"og:title\" content=\"Front page - Arvokas Mieli\" \/>\n<meta property=\"og:description\" content=\"Our\u00a0professional and personal mission is to be of service to humankind, to promote well-being and\u00a0psychological resilience, to minimise unnecessary suffering and to facilitate better performance in\u00a0valued areas of one&#8217;s life. \u2013 Kalle Partanen, Psychologist, Psychotherapist, CEO\" \/>\n<meta property=\"og:url\" content=\"https:\/\/arvokasmieli.fi\/en\/\" \/>\n<meta property=\"og:site_name\" content=\"Arvokas Mieli\" \/>\n<meta property=\"article:publisher\" content=\"https:\/\/www.facebook.com\/Kalle-Partanen-Arvokas-Mieli-598613783883761\/\" \/>\n<meta property=\"article:modified_time\" content=\"2019-03-08T16:37:11+00:00\" \/>\n<meta property=\"og:image\" content=\"https:\/\/arvokasmieli.fi\/wp-content\/uploads\/kalle-partanen-2019-2200x1560.jpg\" \/>\n\t<meta property=\"og:image:width\" content=\"2200\" \/>\n\t<meta property=\"og:image:height\" content=\"1560\" \/>\n\t<meta property=\"og:image:type\" content=\"image\/jpeg\" \/>\n<meta name=\"twitter:card\" content=\"summary_large_image\" \/>\n<script type=\"application\/ld+json\" class=\"yoast-schema-graph\">{\"@context\":\"https:\\\/\\\/schema.org\",\"@graph\":[{\"@type\":\"WebPage\",\"@id\":\"https:\\\/\\\/arvokasmieli.fi\\\/en\\\/\",\"url\":\"https:\\\/\\\/arvokasmieli.fi\\\/en\\\/\",\"name\":\"Front page - Arvokas Mieli\",\"isPartOf\":{\"@id\":\"https:\\\/\\\/arvokasmieli.fi\\\/#website\"},\"primaryImageOfPage\":{\"@id\":\"https:\\\/\\\/arvokasmieli.fi\\\/en\\\/#primaryimage\"},\"image\":{\"@id\":\"https:\\\/\\\/arvokasmieli.fi\\\/en\\\/#primaryimage\"},\"thumbnailUrl\":\"https:\\\/\\\/arvokasmieli.fi\\\/wp-content\\\/uploads\\\/kalle-partanen-2019.jpg\",\"datePublished\":\"2019-03-07T13:52:16+00:00\",\"dateModified\":\"2019-03-08T16:37:11+00:00\",\"breadcrumb\":{\"@id\":\"https:\\\/\\\/arvokasmieli.fi\\\/en\\\/#breadcrumb\"},\"inLanguage\":\"en-US\",\"potentialAction\":[{\"@type\":\"ReadAction\",\"target\":[\"https:\\\/\\\/arvokasmieli.fi\\\/en\\\/\"]}]},{\"@type\":\"ImageObject\",\"inLanguage\":\"en-US\",\"@id\":\"https:\\\/\\\/arvokasmieli.fi\\\/en\\\/#primaryimage\",\"url\":\"https:\\\/\\\/arvokasmieli.fi\\\/wp-content\\\/uploads\\\/kalle-partanen-2019.jpg\",\"contentUrl\":\"https:\\\/\\\/arvokasmieli.fi\\\/wp-content\\\/uploads\\\/kalle-partanen-2019.jpg\",\"width\":4796,\"height\":3400,\"caption\":\"Kalle Partanen\"},{\"@type\":\"BreadcrumbList\",\"@id\":\"https:\\\/\\\/arvokasmieli.fi\\\/en\\\/#breadcrumb\",\"itemListElement\":[{\"@type\":\"ListItem\",\"position\":1,\"name\":\"Etusivu\",\"item\":\"https:\\\/\\\/arvokasmieli.fi\\\/en\\\/\"},{\"@type\":\"ListItem\",\"position\":2,\"name\":\"Front page\"}]},{\"@type\":\"WebSite\",\"@id\":\"https:\\\/\\\/arvokasmieli.fi\\\/#website\",\"url\":\"https:\\\/\\\/arvokasmieli.fi\\\/\",\"name\":\"Arvokas Mieli\",\"description\":\"Tavoitteenamme on olla hy\u00f6dyksi ihmiskunnalle. Haluamme lis\u00e4t\u00e4 hyvinvointia ja psyykkist\u00e4 kimmoisuutta, v\u00e4hent\u00e4\u00e4 turhaa k\u00e4rsimyst\u00e4 ja auttaa ihmisi\u00e4 el\u00e4m\u00e4\u00e4n mielek\u00e4st\u00e4 el\u00e4m\u00e4\u00e4 ja suoriutumaan itselle t\u00e4rkeiss\u00e4 asioissa niin hyvin kuin mahdollista.\",\"potentialAction\":[{\"@type\":\"SearchAction\",\"target\":{\"@type\":\"EntryPoint\",\"urlTemplate\":\"https:\\\/\\\/arvokasmieli.fi\\\/?s={search_term_string}\"},\"query-input\":{\"@type\":\"PropertyValueSpecification\",\"valueRequired\":true,\"valueName\":\"search_term_string\"}}],\"inLanguage\":\"en-US\"}]}<\/script>\n<!-- \/ Yoast SEO plugin. -->","yoast_head_json":{"title":"Front page - Arvokas Mieli","robots":{"index":"index","follow":"follow","max-snippet":"max-snippet:-1","max-image-preview":"max-image-preview:large","max-video-preview":"max-video-preview:-1"},"canonical":"https:\/\/arvokasmieli.fi\/en\/","og_locale":"en_US","og_type":"article","og_title":"Front page - Arvokas Mieli","og_description":"Our\u00a0professional and personal mission is to be of service to humankind, to promote well-being and\u00a0psychological resilience, to minimise unnecessary suffering and to facilitate better performance in\u00a0valued areas of one&#8217;s life. \u2013 Kalle Partanen, Psychologist, Psychotherapist, CEO","og_url":"https:\/\/arvokasmieli.fi\/en\/","og_site_name":"Arvokas Mieli","article_publisher":"https:\/\/www.facebook.com\/Kalle-Partanen-Arvokas-Mieli-598613783883761\/","article_modified_time":"2019-03-08T16:37:11+00:00","og_image":[{"width":2200,"height":1560,"url":"https:\/\/arvokasmieli.fi\/wp-content\/uploads\/kalle-partanen-2019-2200x1560.jpg","type":"image\/jpeg"}],"twitter_card":"summary_large_image","schema":{"@context":"https:\/\/schema.org","@graph":[{"@type":"WebPage","@id":"https:\/\/arvokasmieli.fi\/en\/","url":"https:\/\/arvokasmieli.fi\/en\/","name":"Front page - Arvokas Mieli","isPartOf":{"@id":"https:\/\/arvokasmieli.fi\/#website"},"primaryImageOfPage":{"@id":"https:\/\/arvokasmieli.fi\/en\/#primaryimage"},"image":{"@id":"https:\/\/arvokasmieli.fi\/en\/#primaryimage"},"thumbnailUrl":"https:\/\/arvokasmieli.fi\/wp-content\/uploads\/kalle-partanen-2019.jpg","datePublished":"2019-03-07T13:52:16+00:00","dateModified":"2019-03-08T16:37:11+00:00","breadcrumb":{"@id":"https:\/\/arvokasmieli.fi\/en\/#breadcrumb"},"inLanguage":"en-US","potentialAction":[{"@type":"ReadAction","target":["https:\/\/arvokasmieli.fi\/en\/"]}]},{"@type":"ImageObject","inLanguage":"en-US","@id":"https:\/\/arvokasmieli.fi\/en\/#primaryimage","url":"https:\/\/arvokasmieli.fi\/wp-content\/uploads\/kalle-partanen-2019.jpg","contentUrl":"https:\/\/arvokasmieli.fi\/wp-content\/uploads\/kalle-partanen-2019.jpg","width":4796,"height":3400,"caption":"Kalle Partanen"},{"@type":"BreadcrumbList","@id":"https:\/\/arvokasmieli.fi\/en\/#breadcrumb","itemListElement":[{"@type":"ListItem","position":1,"name":"Etusivu","item":"https:\/\/arvokasmieli.fi\/en\/"},{"@type":"ListItem","position":2,"name":"Front page"}]},{"@type":"WebSite","@id":"https:\/\/arvokasmieli.fi\/#website","url":"https:\/\/arvokasmieli.fi\/","name":"Arvokas Mieli","description":"Tavoitteenamme on olla hy\u00f6dyksi ihmiskunnalle. Haluamme lis\u00e4t\u00e4 hyvinvointia ja psyykkist\u00e4 kimmoisuutta, v\u00e4hent\u00e4\u00e4 turhaa k\u00e4rsimyst\u00e4 ja auttaa ihmisi\u00e4 el\u00e4m\u00e4\u00e4n mielek\u00e4st\u00e4 el\u00e4m\u00e4\u00e4 ja suoriutumaan itselle t\u00e4rkeiss\u00e4 asioissa niin hyvin kuin mahdollista.","potentialAction":[{"@type":"SearchAction","target":{"@type":"EntryPoint","urlTemplate":"https:\/\/arvokasmieli.fi\/?s={search_term_string}"},"query-input":{"@type":"PropertyValueSpecification","valueRequired":true,"valueName":"search_term_string"}}],"inLanguage":"en-US"}]}},"_links":{"self":[{"href":"https:\/\/arvokasmieli.fi\/en\/wp-json\/wp\/v2\/pages\/1541","targetHints":{"allow":["GET"]}}],"collection":[{"href":"https:\/\/arvokasmieli.fi\/en\/wp-json\/wp\/v2\/pages"}],"about":[{"href":"https:\/\/arvokasmieli.fi\/en\/wp-json\/wp\/v2\/types\/page"}],"author":[{"embeddable":true,"href":"https:\/\/arvokasmieli.fi\/en\/wp-json\/wp\/v2\/users\/6"}],"replies":[{"embeddable":true,"href":"https:\/\/arvokasmieli.fi\/en\/wp-json\/wp\/v2\/comments?post=1541"}],"version-history":[{"count":4,"href":"https:\/\/arvokasmieli.fi\/en\/wp-json\/wp\/v2\/pages\/1541\/revisions"}],"predecessor-version":[{"id":1557,"href":"https:\/\/arvokasmieli.fi\/en\/wp-json\/wp\/v2\/pages\/1541\/revisions\/1557"}],"wp:featuredmedia":[{"embeddable":true,"href":"https:\/\/arvokasmieli.fi\/en\/wp-json\/wp\/v2\/media\/1597"}],"wp:attachment":[{"href":"https:\/\/arvokasmieli.fi\/en\/wp-json\/wp\/v2\/media?parent=1541"}],"curies":[{"name":"wp","href":"https:\/\/api.w.org\/{rel}","templated":true}]}}